{"id":141,"date":"2025-09-22T14:31:53","date_gmt":"2025-09-22T14:31:53","guid":{"rendered":"https:\/\/fundacioningeniar.com.ar\/?page_id=141"},"modified":"2026-03-17T23:14:49","modified_gmt":"2026-03-17T23:14:49","slug":"capacitaciones","status":"publish","type":"page","link":"https:\/\/fundacioningeniar.com.ar\/?page_id=141","title":{"rendered":"Capacitaciones"},"content":{"rendered":"<p>[et_pb_section fb_built=\u00bb1&#8243; admin_label=\u00bbHeader\u00bb _builder_version=\u00bb4.27.4&#8243; _module_preset=\u00bbdefault\u00bb background_color=\u00bb#F58544&#8243; min_height=\u00bb150px\u00bb height=\u00bb150px\u00bb custom_padding=\u00bb2px||0px||false|false\u00bb collapsed=\u00bbon\u00bb global_colors_info=\u00bb{}\u00bb][et_pb_row _builder_version=\u00bb4.21.0&#8243; _module_preset=\u00bbdefault\u00bb global_colors_info=\u00bb{}\u00bb][et_pb_column type=\u00bb4_4&#8243; _builder_version=\u00bb4.21.0&#8243; _module_preset=\u00bbdefault\u00bb global_colors_info=\u00bb{}\u00bb][et_pb_text _builder_version=\u00bb4.27.4&#8243; _module_preset=\u00bb21e3af71-4985-46c1-86b2-45418a446b2d\u00bb header_font_size=\u00bb35px\u00bb custom_margin=\u00bb20px||||false|false\u00bb global_colors_info=\u00bb{}\u00bb]<\/p>\n<h1>Cursos y Talleres<\/h1>\n<p>[\/et_pb_text][\/et_pb_column][\/et_pb_row][\/et_pb_section][et_pb_section fb_built=\u00bb1&#8243; admin_label=\u00bbTop Categories\u00bb _builder_version=\u00bb4.21.0&#8243; _module_preset=\u00bbdefault\u00bb overflow-x=\u00bbhidden\u00bb overflow-y=\u00bbhidden\u00bb collapsed=\u00bbon\u00bb global_colors_info=\u00bb{}\u00bb][et_pb_row column_structure=\u00bb1_3,1_3,1_3&#8243; _builder_version=\u00bb4.27.4&#8243; _module_preset=\u00bbdefault\u00bb global_colors_info=\u00bb{}\u00bb][et_pb_column type=\u00bb1_3&#8243; _builder_version=\u00bb4.27.4&#8243; _module_preset=\u00bbdefault\u00bb background_enable_image=\u00bboff\u00bb overflow-x=\u00bbvisible\u00bb overflow-y=\u00bbvisible\u00bb custom_padding=\u00bb0px|40px|20px|20px|false|false\u00bb border_radii=\u00bbon|30px|30px|30px|30px\u00bb global_colors_info=\u00bb{}\u00bb][et_pb_image src=\u00bbhttps:\/\/fundacioningeniar.com.ar\/wp-content\/uploads\/2026\/03\/ELECTRICIDAD-2026-.png\u00bb show_in_lightbox=\u00bbon\u00bb _builder_version=\u00bb4.27.5&#8243; _module_preset=\u00bbdefault\u00bb hover_enabled=\u00bb0&#8243; global_colors_info=\u00bb{}\u00bb title_text=\u00bb_ELECTRICIDAD 2026&#8243; sticky_enabled=\u00bb0&#8243;][\/et_pb_image][et_pb_blurb title=\u00bbMARZO 2026&#8243; content_max_width=\u00bb162%\u00bb _builder_version=\u00bb4.27.4&#8243; _module_preset=\u00bbe81e4b11-8d00-452b-86c3-1847976cb3d4&#8243; body_text_align=\u00bbcenter\u00bb background_color=\u00bb#F58544&#8243; text_orientation=\u00bbcenter\u00bb custom_padding=\u00bb8px|20px|0px|20px|false|true\u00bb link_option_url=\u00bbhttps:\/\/wa.me\/5493548581777&#8243; global_colors_info=\u00bb{}\u00bb][\/et_pb_blurb][et_pb_blurb title=\u00bbCURSO ELECTRICISTA HABILITADO CAT3&#8243; _builder_version=\u00bb4.27.4&#8243; _module_preset=\u00bbe81e4b11-8d00-452b-86c3-1847976cb3d4&#8243; custom_margin=\u00bb||7px|||\u00bb link_option_url=\u00bbhttps:\/\/wa.me\/5493548581777&#8243; global_colors_info=\u00bb{}\u00bb][\/et_pb_blurb][\/et_pb_column][et_pb_column type=\u00bb1_3&#8243; _builder_version=\u00bb4.27.4&#8243; _module_preset=\u00bbdefault\u00bb background_enable_image=\u00bboff\u00bb overflow-x=\u00bbvisible\u00bb overflow-y=\u00bbvisible\u00bb custom_padding=\u00bb0px|40px|20px|20px|false|false\u00bb border_radii=\u00bbon|30px|30px|30px|30px\u00bb global_colors_info=\u00bb{}\u00bb][et_pb_image src=\u00bbhttps:\/\/fundacioningeniar.com.ar\/wp-content\/uploads\/2025\/10\/WhatsApp-Image-2025-10-07-at-17.19.44.jpeg\u00bb show_in_lightbox=\u00bbon\u00bb _builder_version=\u00bb4.27.4&#8243; _module_preset=\u00bbdefault\u00bb global_colors_info=\u00bb{}\u00bb][\/et_pb_image][et_pb_blurb title=\u00bb30 de octubre\u00bb content_max_width=\u00bb162%\u00bb _builder_version=\u00bb4.27.4&#8243; _module_preset=\u00bbe81e4b11-8d00-452b-86c3-1847976cb3d4&#8243; body_text_align=\u00bbcenter\u00bb background_color=\u00bb#F58544&#8243; text_orientation=\u00bbcenter\u00bb custom_padding=\u00bb8px|20px|0px|20px|false|true\u00bb link_option_url=\u00bbhttps:\/\/wa.me\/5493548581777&#8243; global_colors_info=\u00bb{}\u00bb][\/et_pb_blurb][et_pb_blurb title=\u00bbCURSO ELECTRICISTA HABILITADO CAT3&#8243; _builder_version=\u00bb4.27.4&#8243; _module_preset=\u00bbe81e4b11-8d00-452b-86c3-1847976cb3d4&#8243; link_option_url=\u00bbhttps:\/\/wa.me\/5493548581777&#8243; global_colors_info=\u00bb{}\u00bb][\/et_pb_blurb][\/et_pb_column][et_pb_column type=\u00bb1_3&#8243; _builder_version=\u00bb4.27.4&#8243; _module_preset=\u00bbdefault\u00bb background_enable_image=\u00bboff\u00bb overflow-x=\u00bbvisible\u00bb overflow-y=\u00bbvisible\u00bb custom_padding=\u00bb0px|40px|20px|20px|false|false\u00bb border_radii=\u00bbon|30px|30px|30px|30px\u00bb global_colors_info=\u00bb{}\u00bb][et_pb_image src=\u00bbhttps:\/\/fundacioningeniar.com.ar\/wp-content\/uploads\/2025\/10\/WhatsApp-Image-2025-10-03-at-12.38.46.jpeg\u00bb show_in_lightbox=\u00bbon\u00bb _builder_version=\u00bb4.27.4&#8243; _module_preset=\u00bbdefault\u00bb global_colors_info=\u00bb{}\u00bb][\/et_pb_image][et_pb_blurb title=\u00bb10 de octubre\u00bb content_max_width=\u00bb162%\u00bb _builder_version=\u00bb4.27.4&#8243; _module_preset=\u00bbe81e4b11-8d00-452b-86c3-1847976cb3d4&#8243; body_text_align=\u00bbcenter\u00bb background_color=\u00bb#F58544&#8243; text_orientation=\u00bbcenter\u00bb custom_padding=\u00bb8px|20px|0px|20px|false|true\u00bb link_option_url=\u00bbhttps:\/\/wa.me\/5493548581777&#8243; global_colors_info=\u00bb{}\u00bb][\/et_pb_blurb][et_pb_blurb title=\u00bbCURSO DE ARMADO DE PLANOS\u00bb _builder_version=\u00bb4.27.4&#8243; _module_preset=\u00bbe81e4b11-8d00-452b-86c3-1847976cb3d4&#8243; link_option_url=\u00bbhttps:\/\/wa.me\/5493548581777&#8243; global_colors_info=\u00bb{}\u00bb][\/et_pb_blurb][\/et_pb_column][\/et_pb_row][et_pb_row column_structure=\u00bb1_3,1_3,1_3&#8243; _builder_version=\u00bb4.27.4&#8243; _module_preset=\u00bbdefault\u00bb global_colors_info=\u00bb{}\u00bb][et_pb_column type=\u00bb1_3&#8243; _builder_version=\u00bb4.27.4&#8243; _module_preset=\u00bbdefault\u00bb background_enable_image=\u00bboff\u00bb overflow-x=\u00bbvisible\u00bb overflow-y=\u00bbvisible\u00bb custom_padding=\u00bb0px|40px|20px|20px|false|false\u00bb border_radii=\u00bbon|30px|30px|30px|30px\u00bb global_colors_info=\u00bb{}\u00bb][et_pb_image src=\u00bbhttps:\/\/fundacioningeniar.com.ar\/wp-content\/uploads\/2025\/09\/curso-septiembre.jpg\u00bb show_in_lightbox=\u00bbon\u00bb _builder_version=\u00bb4.27.4&#8243; _module_preset=\u00bbdefault\u00bb global_colors_info=\u00bb{}\u00bb][\/et_pb_image][et_pb_blurb title=\u00bbCURSO ELECTRICISTA HABILITADO CAT3&#8243; _builder_version=\u00bb4.27.4&#8243; _module_preset=\u00bbe81e4b11-8d00-452b-86c3-1847976cb3d4&#8243; custom_margin=\u00bb||7px|||\u00bb link_option_url=\u00bbhttps:\/\/wa.me\/5493548581777&#8243; global_colors_info=\u00bb{}\u00bb][\/et_pb_blurb][\/et_pb_column][et_pb_column type=\u00bb1_3&#8243; _builder_version=\u00bb4.27.4&#8243; _module_preset=\u00bbdefault\u00bb background_enable_image=\u00bboff\u00bb overflow-x=\u00bbvisible\u00bb overflow-y=\u00bbvisible\u00bb custom_padding=\u00bb0px|40px|20px|20px|false|false\u00bb border_radii=\u00bbon|30px|30px|30px|30px\u00bb global_colors_info=\u00bb{}\u00bb][et_pb_image src=\u00bbhttps:\/\/fundacioningeniar.com.ar\/wp-content\/uploads\/2025\/09\/494975244_17844943779471016_3035989206135789323_n.webp\u00bb show_in_lightbox=\u00bbon\u00bb _builder_version=\u00bb4.27.4&#8243; _module_preset=\u00bbdefault\u00bb global_colors_info=\u00bb{}\u00bb][\/et_pb_image][et_pb_blurb title=\u00bbCURSO ELECTRICISTA HABILITADO CAT3&#8243; _builder_version=\u00bb4.27.4&#8243; _module_preset=\u00bbe81e4b11-8d00-452b-86c3-1847976cb3d4&#8243; link_option_url=\u00bbhttps:\/\/wa.me\/5493548581777&#8243; global_colors_info=\u00bb{}\u00bb][\/et_pb_blurb][\/et_pb_column][et_pb_column type=\u00bb1_3&#8243; _builder_version=\u00bb4.27.4&#8243; _module_preset=\u00bbdefault\u00bb background_enable_image=\u00bboff\u00bb overflow-x=\u00bbvisible\u00bb overflow-y=\u00bbvisible\u00bb custom_padding=\u00bb0px|40px|20px|20px|false|false\u00bb border_radii=\u00bbon|30px|30px|30px|30px\u00bb global_colors_info=\u00bb{}\u00bb][et_pb_image src=\u00bbhttps:\/\/fundacioningeniar.com.ar\/wp-content\/uploads\/2025\/09\/502576339_17852579166471016_7412720479973381018_n.webp\u00bb show_in_lightbox=\u00bbon\u00bb _builder_version=\u00bb4.27.4&#8243; _module_preset=\u00bbdefault\u00bb global_colors_info=\u00bb{}\u00bb][\/et_pb_image][et_pb_blurb title=\u00bbCURSO INSTALACI\u00d3N Y REPARACI\u00d3N TERMOSOLAR\u00bb _builder_version=\u00bb4.27.4&#8243; _module_preset=\u00bbe81e4b11-8d00-452b-86c3-1847976cb3d4&#8243; link_option_url=\u00bbhttps:\/\/wa.me\/5493548581777&#8243; global_colors_info=\u00bb{}\u00bb][\/et_pb_blurb][\/et_pb_column][\/et_pb_row][\/et_pb_section][et_pb_section fb_built=\u00bb1&#8243; admin_label=\u00bbFeature\u00bb _builder_version=\u00bb4.21.0&#8243; _module_preset=\u00bbdefault\u00bb custom_padding=\u00bb13px||4px|||\u00bb collapsed=\u00bbon\u00bb global_colors_info=\u00bb{}\u00bb][et_pb_row column_structure=\u00bb2_5,3_5&#8243; _builder_version=\u00bb4.21.0&#8243; _module_preset=\u00bbdefault\u00bb max_width=\u00bb1280px\u00bb locked=\u00bboff\u00bb global_colors_info=\u00bb{}\u00bb][et_pb_column type=\u00bb2_5&#8243; _builder_version=\u00bb4.21.0&#8243; _module_preset=\u00bbdefault\u00bb z_index=\u00bb10&#8243; global_colors_info=\u00bb{}\u00bb][et_pb_text _builder_version=\u00bb4.27.4&#8243; _module_preset=\u00bbc705f017-0964-4ee9-b66a-b8472964d7f7&#8243; global_colors_info=\u00bb{}\u00bb]<\/p>\n<h2>Pr\u00f3ximos Cursos<\/h2>\n<p>[\/et_pb_text][et_pb_video src=\u00bbhttps:\/\/fundacioningeniar.com.ar\/wp-content\/uploads\/2025\/09\/@fundacioningeniar-curso-instalador-hab-cat3-proximo-inicio.mp4&#8243; play_icon_color=\u00bb#FFFFFF\u00bb font_icon=\u00bb&#xf144;||fa||900&#8243; use_icon_font_size=\u00bbon\u00bb icon_font_size=\u00bb56px\u00bb thumbnail_overlay_color=\u00bb#FFFFFF\u00bb _builder_version=\u00bb4.27.4&#8243; _module_preset=\u00bbdefault\u00bb max_width=\u00bb280px\u00bb max_width_tablet=\u00bb280px\u00bb max_width_phone=\u00bb280px\u00bb max_width_last_edited=\u00bbon|desktop\u00bb module_alignment=\u00bbcenter\u00bb custom_margin=\u00bb0px||0px||true|false\u00bb custom_margin_tablet=\u00bb0px||0px||true|false\u00bb custom_margin_phone=\u00bb0px||0px||true|false\u00bb custom_margin_last_edited=\u00bbon|desktop\u00bb custom_padding=\u00bb0px||0px||true|false\u00bb custom_padding_tablet=\u00bb0px||0px||true|false\u00bb custom_padding_phone=\u00bb0px||0px||true|false\u00bb custom_padding_last_edited=\u00bbon|desktop\u00bb border_radii=\u00bbon|10px|10px|10px|10px\u00bb global_colors_info=\u00bb{}\u00bb][\/et_pb_video][et_pb_button button_url=\u00bbhttps:\/\/wa.me\/5493548581777&#8243; button_text=\u00bbINSCRIBITE AHORA! \u00bb button_alignment=\u00bbcenter\u00bb _builder_version=\u00bb4.27.4&#8243; _module_preset=\u00bb3b5c95c8-f054-44f6-babe-93248769ebd1&#8243; button_bg_color=\u00bb#E09900&#8243; custom_margin=\u00bb18px||||false|false\u00bb global_colors_info=\u00bb{%22gcid-369d6a5c-948a-46a7-83c8-2ed935036bdf%22:%91%22button_text_color%22%93}\u00bb][\/et_pb_button][\/et_pb_column][et_pb_column type=\u00bb3_5&#8243; _builder_version=\u00bb4.21.0&#8243; _module_preset=\u00bbdefault\u00bb background_enable_image=\u00bboff\u00bb global_colors_info=\u00bb{}\u00bb][et_pb_image src=\u00bbhttps:\/\/fundacioningeniar.com.ar\/wp-content\/uploads\/2025\/09\/Mask-02.png\u00bb title_text=\u00bbMask 02&#8243; _builder_version=\u00bb4.27.4&#8243; _module_preset=\u00bbdefault\u00bb background_image=\u00bbhttps:\/\/fundacioningeniar.com.ar\/wp-content\/uploads\/2025\/09\/497461743_17847082623471016_7240128847579231522_n.webp\u00bb custom_margin=\u00bb||0px||false|false\u00bb global_colors_info=\u00bb{}\u00bb][\/et_pb_image][et_pb_icon font_icon=\u00bb&#xf0eb;||fa||900&#8243; icon_color=\u00bbgcid-52e8b489-b10c-41af-b3c4-a69642f2df1f\u00bb icon_width=\u00bb32px\u00bb _builder_version=\u00bb4.27.4&#8243; _module_preset=\u00bbdefault\u00bb positioning=\u00bbabsolute\u00bb vertical_offset=\u00bb20%\u00bb horizontal_offset=\u00bb8%\u00bb z_index=\u00bb9&#8243; global_colors_info=\u00bb{%22gcid-52e8b489-b10c-41af-b3c4-a69642f2df1f%22:%91%22icon_color%22%93}\u00bb][\/et_pb_icon][et_pb_icon font_icon=\u00bb&#xf0eb;||fa||400&#8243; icon_color=\u00bb#000000&#8243; _builder_version=\u00bb4.27.4&#8243; _module_preset=\u00bbdefault\u00bb positioning=\u00bbabsolute\u00bb position_origin_a=\u00bbbottom_right\u00bb global_colors_info=\u00bb{}\u00bb][\/et_pb_icon][\/et_pb_column][\/et_pb_row][\/et_pb_section][et_pb_section fb_built=\u00bb1&#8243; admin_label=\u00bbVideo\u00bb _builder_version=\u00bb4.21.0&#8243; _module_preset=\u00bbdefault\u00bb locked=\u00bboff\u00bb collapsed=\u00bbon\u00bb global_colors_info=\u00bb{}\u00bb][et_pb_row _builder_version=\u00bb4.21.0&#8243; _module_preset=\u00bbdefault\u00bb max_width=\u00bb822px\u00bb module_alignment=\u00bbcenter\u00bb saved_tabs=\u00bball\u00bb global_colors_info=\u00bb{}\u00bb][et_pb_column type=\u00bb4_4&#8243; _builder_version=\u00bb4.21.0&#8243; _module_preset=\u00bbdefault\u00bb global_colors_info=\u00bb{}\u00bb][et_pb_text _builder_version=\u00bb4.27.4&#8243; _module_preset=\u00bb1c53b7fb-3f95-4a34-bbb1-52cfd9f311b2&#8243; header_4_text_color=\u00bb#B23E31&#8243; header_4_font_size=\u00bb29px\u00bb text_orientation=\u00bbcenter\u00bb global_colors_info=\u00bb{}\u00bb]<\/p>\n<h4>Sumate a Ingeniar<\/h4>\n<p>[\/et_pb_text][et_pb_text _builder_version=\u00bb4.27.4&#8243; _module_preset=\u00bb7a159a0b-b450-4d13-93ab-f0cbee6f2685&#8243; header_3_text_align=\u00bbcenter\u00bb header_3_text_color=\u00bb#F58544&#8243; header_3_font_size=\u00bb21px\u00bb text_orientation=\u00bbcenter\u00bb global_colors_info=\u00bb{}\u00bb]<\/p>\n<h3>En Fundaci\u00f3n Ingeniar cada aporte -tiempo, conocimiento o recursos- es una semilla de cambio que transforma vidas y comunidades.<\/h3>\n<h3>A trav\u00e9s de la Bolsa de Empleabilidad y el Espacio para la Mujer, conectamos la formaci\u00f3n con oportunidades reales de inclusi\u00f3n, trabajo y crecimiento personal.<\/h3>\n<h3>Invitamos a personas, empresas e instituciones comprometidas con nuestra misi\u00f3n y valores a sumarse, colaborar y acompa\u00f1ar este proyecto, para formar, acompa\u00f1ar y transformar juntos, respetando la identidad y los objetivos de Fundaci\u00f3n Ingeniar.<\/h3>\n<p>[\/et_pb_text][\/et_pb_column][\/et_pb_row][\/et_pb_section]<\/p>\n","protected":false},"excerpt":{"rendered":"<p>Cursos y TalleresPr\u00f3ximos CursosSumate a IngeniarEn Fundaci\u00f3n Ingeniar cada aporte -tiempo, conocimiento o recursos- es una semilla de cambio que transforma vidas y comunidades. A trav\u00e9s de la Bolsa de Empleabilidad y el Espacio para la Mujer, conectamos la formaci\u00f3n con oportunidades reales de inclusi\u00f3n, trabajo y crecimiento personal. Invitamos a personas, empresas e instituciones [&hellip;]<\/p>\n","protected":false},"author":1,"featured_media":0,"parent":0,"menu_order":0,"comment_status":"closed","ping_status":"closed","template":"","meta":{"_et_pb_use_builder":"on","_et_pb_old_content":"","_et_gb_content_width":"","_joinchat":[],"footnotes":""},"class_list":["post-141","page","type-page","status-publish","hentry"],"_links":{"self":[{"href":"https:\/\/fundacioningeniar.com.ar\/index.php?rest_route=\/wp\/v2\/pages\/141","targetHints":{"allow":["GET"]}}],"collection":[{"href":"https:\/\/fundacioningeniar.com.ar\/index.php?rest_route=\/wp\/v2\/pages"}],"about":[{"href":"https:\/\/fundacioningeniar.com.ar\/index.php?rest_route=\/wp\/v2\/types\/page"}],"author":[{"embeddable":true,"href":"https:\/\/fundacioningeniar.com.ar\/index.php?rest_route=\/wp\/v2\/users\/1"}],"replies":[{"embeddable":true,"href":"https:\/\/fundacioningeniar.com.ar\/index.php?rest_route=%2Fwp%2Fv2%2Fcomments&post=141"}],"version-history":[{"count":11,"href":"https:\/\/fundacioningeniar.com.ar\/index.php?rest_route=\/wp\/v2\/pages\/141\/revisions"}],"predecessor-version":[{"id":755,"href":"https:\/\/fundacioningeniar.com.ar\/index.php?rest_route=\/wp\/v2\/pages\/141\/revisions\/755"}],"wp:attachment":[{"href":"https:\/\/fundacioningeniar.com.ar\/index.php?rest_route=%2Fwp%2Fv2%2Fmedia&parent=141"}],"curies":[{"name":"wp","href":"https:\/\/api.w.org\/{rel}","templated":true}]}}