{"id":199,"date":"2025-09-27T12:14:09","date_gmt":"2025-09-27T12:14:09","guid":{"rendered":"https:\/\/fundacioningeniar.com.ar\/?page_id=199"},"modified":"2026-02-20T21:42:26","modified_gmt":"2026-02-20T21:42:26","slug":"club-ingeniar-beneficios","status":"publish","type":"page","link":"https:\/\/fundacioningeniar.com.ar\/?page_id=199","title":{"rendered":"Club Ingeniar+ Beneficios"},"content":{"rendered":"<p>[et_pb_section fb_built=\u00bb1&#8243; _builder_version=\u00bb4.27.4&#8243; _module_preset=\u00bbdefault\u00bb background_color=\u00bb#000000&#8243; min_height=\u00bb50px\u00bb height=\u00bb50px\u00bb max_height=\u00bb50px\u00bb custom_padding=\u00bb0px|||||\u00bb global_colors_info=\u00bb{}\u00bb][et_pb_row column_structure=\u00bb1_2,1_2&#8243; custom_padding_last_edited=\u00bbon|desktop\u00bb _builder_version=\u00bb4.25.2&#8243; _module_preset=\u00bbdefault\u00bb width=\u00bb100%\u00bb max_width=\u00bb100%\u00bb module_alignment=\u00bbcenter\u00bb min_height=\u00bb50px\u00bb min_height_tablet=\u00bb50px\u00bb min_height_phone=\u00bb50px\u00bb min_height_last_edited=\u00bbon|desktop\u00bb height=\u00bb50px\u00bb height_tablet=\u00bb50px\u00bb height_phone=\u00bb50px\u00bb height_last_edited=\u00bbon|desktop\u00bb max_height=\u00bb50px\u00bb max_height_tablet=\u00bb50px\u00bb max_height_phone=\u00bb50px\u00bb max_height_last_edited=\u00bbon|desktop\u00bb custom_margin=\u00bb0px|0px|0px|0px|false|false\u00bb custom_margin_tablet=\u00bb0px|0px|0px|0px|false|false\u00bb custom_margin_phone=\u00bb0px|0px|0px|0px|false|false\u00bb custom_margin_last_edited=\u00bbon|desktop\u00bb custom_padding=\u00bb0px|0px|0px|0px|false|false\u00bb custom_padding_tablet=\u00bb0px|0px|0px|0px|false|false\u00bb custom_padding_phone=\u00bb0px|0px|0px|0px|false|false\u00bb global_colors_info=\u00bb{}\u00bb][et_pb_column type=\u00bb1_2&#8243; _builder_version=\u00bb4.25.2&#8243; _module_preset=\u00bbdefault\u00bb custom_padding=\u00bb0px||0px||false|false\u00bb global_colors_info=\u00bb{}\u00bb][et_pb_text _builder_version=\u00bb4.27.4&#8243; _module_preset=\u00bbdefault\u00bb header_font=\u00bbActor||||||||\u00bb header_text_align=\u00bbcenter\u00bb header_text_color=\u00bb#F58544&#8243; custom_margin=\u00bb12px||||false|false\u00bb global_colors_info=\u00bb{}\u00bb]<\/p>\n<h1>FUNDACI\u00d3N INGENIAR<\/h1>\n<p>[\/et_pb_text][\/et_pb_column][et_pb_column type=\u00bb1_2&#8243; _builder_version=\u00bb4.25.2&#8243; _module_preset=\u00bbdefault\u00bb custom_padding_tablet=\u00bb\u00bb custom_padding_phone=\u00bb0px||0px||false|false\u00bb custom_padding_last_edited=\u00bbon|phone\u00bb global_colors_info=\u00bb{}\u00bb][et_pb_menu menu_id=\u00bbnone\u00bb active_link_color=\u00bb#FFFFFF\u00bb active_link_color_tablet=\u00bb#FFFFFF\u00bb active_link_color_phone=\u00bb#0C71C3&#8243; active_link_color_last_edited=\u00bbon|phone\u00bb _builder_version=\u00bb4.27.4&#8243; _module_preset=\u00bbdefault\u00bb menu_font=\u00bb&#8211;et_global_heading_font||||||||\u00bb menu_text_color=\u00bb#FFFFFF\u00bb menu_font_size=\u00bb19px\u00bb background_enable_color=\u00bboff\u00bb width_tablet=\u00bb\u00bb width_phone=\u00bb100%\u00bb width_last_edited=\u00bbon|phone\u00bb custom_margin=\u00bb11px|||-179px|false|false\u00bb custom_margin_tablet=\u00bb11px|||-179px|false|false\u00bb custom_margin_phone=\u00bb|||-4px|false|false\u00bb custom_margin_last_edited=\u00bbon|phone\u00bb custom_padding=\u00bb|||0px||\u00bb custom_padding_tablet=\u00bb|||0px||\u00bb custom_padding_phone=\u00bb|||0px||\u00bb custom_padding_last_edited=\u00bbon|phone\u00bb menu_text_color_tablet=\u00bb#FFFFFF\u00bb menu_text_color_phone=\u00bb#0C71C3&#8243; menu_text_color_last_edited=\u00bbon|phone\u00bb global_colors_info=\u00bb{}\u00bb][\/et_pb_menu][\/et_pb_column][\/et_pb_row][\/et_pb_section][et_pb_section fb_built=\u00bb1&#8243; admin_label=\u00bbHeader\u00bb _builder_version=\u00bb4.27.4&#8243; _module_preset=\u00bbdefault\u00bb background_color=\u00bb#F58544&#8243; min_height=\u00bb150px\u00bb height=\u00bb150px\u00bb custom_padding=\u00bb2px||0px||false|false\u00bb collapsed=\u00bbon\u00bb global_colors_info=\u00bb{}\u00bb][et_pb_row _builder_version=\u00bb4.21.0&#8243; _module_preset=\u00bbdefault\u00bb global_colors_info=\u00bb{}\u00bb][et_pb_column type=\u00bb4_4&#8243; _builder_version=\u00bb4.21.0&#8243; _module_preset=\u00bbdefault\u00bb global_colors_info=\u00bb{}\u00bb][et_pb_text _builder_version=\u00bb4.27.4&#8243; _module_preset=\u00bb21e3af71-4985-46c1-86b2-45418a446b2d\u00bb header_font_size=\u00bb35px\u00bb custom_margin=\u00bb20px||||false|false\u00bb global_colors_info=\u00bb{}\u00bb]<\/p>\n<h1>Club Ingeniar+ Beneficios<\/h1>\n<p>[\/et_pb_text][\/et_pb_column][\/et_pb_row][\/et_pb_section][et_pb_section fb_built=\u00bb1&#8243; admin_label=\u00bbAbout\u00bb _builder_version=\u00bb4.21.0&#8243; _module_preset=\u00bbdefault\u00bb custom_padding=\u00bb9px||10px|||\u00bb collapsed=\u00bbon\u00bb global_colors_info=\u00bb{}\u00bb][et_pb_row _builder_version=\u00bb4.27.4&#8243; _module_preset=\u00bbdefault\u00bb custom_padding=\u00bb||85px|||\u00bb global_colors_info=\u00bb{}\u00bb][et_pb_column type=\u00bb4_4&#8243; _builder_version=\u00bb4.27.4&#8243; _module_preset=\u00bbdefault\u00bb global_colors_info=\u00bb{}\u00bb][et_pb_text _builder_version=\u00bb4.27.4&#8243; _module_preset=\u00bbdefault\u00bb header_2_font=\u00bbActor||||||||\u00bb header_2_line_height=\u00bb40px\u00bb global_colors_info=\u00bb{}\u00bb]<\/p>\n<h2><span>Un <strong>beneficio exclusivo<\/strong> pensado para quienes est\u00e1n <strong>construyendo su futuro profesional<\/strong>.<\/span><br data-start=\"218\" data-end=\"221\" \/><span>La <\/span><strong data-start=\"224\" data-end=\"245\">Tarjeta Ingeniar+<\/strong><span> es un privilegio para alumnos y alumnas que se encuentran actualmente cursando, brind\u00e1ndoles acceso a beneficios especiales, descuentos y oportunidades dise\u00f1adas para acompa\u00f1ar su formaci\u00f3n.<\/span><\/h2>\n<p>[\/et_pb_text][et_pb_text _builder_version=\u00bb4.27.4&#8243; _module_preset=\u00bbdefault\u00bb header_text_align=\u00bbcenter\u00bb header_2_font=\u00bb|700|||||||\u00bb header_2_text_align=\u00bbcenter\u00bb header_2_text_color=\u00bb#F58544&#8243; header_3_text_align=\u00bbcenter\u00bb header_3_text_color=\u00bb#F58544&#8243; custom_margin=\u00bb||4px|||\u00bb global_colors_info=\u00bb{}\u00bb]<\/p>\n<h2>Nuestra tarjeta:<\/h2>\n<p>[\/et_pb_text][et_pb_image src=\u00bbhttps:\/\/fundacioningeniar.com.ar\/wp-content\/uploads\/2025\/09\/tarjeta-ingeniar-beneficios.png\u00bb align=\u00bbcenter\u00bb _builder_version=\u00bb4.27.4&#8243; _module_preset=\u00bbdefault\u00bb width=\u00bb49%\u00bb box_shadow_style=\u00bbpreset3&#8243; box_shadow_horizontal=\u00bb11px\u00bb box_shadow_vertical=\u00bb27px\u00bb global_colors_info=\u00bb{}\u00bb][\/et_pb_image][\/et_pb_column][\/et_pb_row][et_pb_row column_structure=\u00bb1_2,1_2&#8243; _builder_version=\u00bb4.21.0&#8243; _module_preset=\u00bbdefault\u00bb custom_margin=\u00bb-14px|auto||auto||\u00bb custom_padding=\u00bb||33px|||\u00bb global_colors_info=\u00bb{}\u00bb][et_pb_column type=\u00bb1_2&#8243; _builder_version=\u00bb4.21.0&#8243; _module_preset=\u00bbdefault\u00bb global_colors_info=\u00bb{}\u00bb][et_pb_blurb title=\u00bb15% de descuento\u00bb image=\u00bbhttps:\/\/fundacioningeniar.com.ar\/wp-content\/uploads\/2025\/09\/soul-logo.png\u00bb _builder_version=\u00bb4.27.4&#8243; _module_preset=\u00bbdefault\u00bb header_level=\u00bbh5&#8243; header_font=\u00bbChakra Petch||||||||\u00bb header_text_align=\u00bbcenter\u00bb header_text_color=\u00bb#000000&#8243; header_font_size=\u00bb41px\u00bb body_font=\u00bbChakra Petch||||||||\u00bb body_text_align=\u00bbcenter\u00bb body_text_color=\u00bb#F58544&#8243; body_font_size=\u00bb20px\u00bb module_alignment=\u00bbcenter\u00bb custom_padding=\u00bb0px||25px||false|false\u00bb border_radii=\u00bbon|30px|30px|30px|30px\u00bb border_width_all=\u00bb10px\u00bb border_color_all=\u00bb#F58544&#8243; box_shadow_style=\u00bbpreset3&#8243; global_colors_info=\u00bb{}\u00bb]<\/p>\n<p><span>Meincke 26, La Falda, C\u00f3rdoba<\/span>.<\/p>\n<div class=\"html-div xdj266r x14z9mp xat24cr x1lziwak xexx8yu xyri2b x18d9i69 x1c1uobl x9f619 xjbqb8w x15mokao x1ga7v0g x16uus16 xbiv7yw x1uhb9sk x1plvlek xryxfnj x1c4vz4f x2lah0s x1q0g3np xqjyukv x1oa3qoh x6s0dn4 x1amjocr x78zum5 xl56j7k\"><span class=\"x1lliihq x1plvlek xryxfnj x1n2onr6 xyejjpt x15dsfln x193iq5w xeuugli x1fj9vlw x13faqbe x1vvkbs x1s928wv xhkezso x1gmr53x x1cpjm7i x1fgarty x1943h6x x1i0vuye xvs91rp x1s688f x5n08af x10wh9bi xpm28yp x8viiok x1o7cslx\" dir=\"auto\">Soul La Falda<\/span><\/div>\n<div aria-disabled=\"false\" role=\"button\" tabindex=\"0\"><span class=\"_ap3a _aaco _aacu _aacx _aad7 _aade\" dir=\"auto\">\ud835\udde5\ud835\uddf2\ud835\ude00\ud835\ude01\ud835\uddfc \ud835\udddf\ud835\uddfc\ud835\ude02\ud835\uddfb\ud835\uddf4\ud835\uddf2<br \/>Lomos ~Hamburguesas ~Rabas ~Pizzas~ \ud835\udda2\ud835\uddc8\ud835\uddbc\ud835\uddcd\ud835\uddbe\ud835\uddc5\ud835\uddbe\ud835\uddcb\ud835\uddc2\ud835\uddba<\/span><br \/><span>M\u00fasica En Vivo<\/span><\/div>\n<p><strong>Reservas y consultas: <a href=\"https:\/\/wa.me\/543548581408\" target=\"_blank\" rel=\"noopener\">3548 581408<\/a><\/strong><\/p>\n<p>[\/et_pb_blurb][\/et_pb_column][et_pb_column type=\u00bb1_2&#8243; _builder_version=\u00bb4.21.0&#8243; _module_preset=\u00bbdefault\u00bb global_colors_info=\u00bb{}\u00bb][et_pb_blurb title=\u00bb15% de descuento\u00bb image=\u00bbhttps:\/\/fundacioningeniar.com.ar\/wp-content\/uploads\/2025\/09\/bonello-logo.png\u00bb _builder_version=\u00bb4.27.4&#8243; _module_preset=\u00bbdefault\u00bb header_level=\u00bbh5&#8243; header_font=\u00bbChakra Petch||||||||\u00bb header_text_align=\u00bbcenter\u00bb header_text_color=\u00bb#000000&#8243; header_font_size=\u00bb41px\u00bb body_font=\u00bbChakra Petch||||||||\u00bb body_text_align=\u00bbcenter\u00bb body_text_color=\u00bb#F58544&#8243; body_font_size=\u00bb20px\u00bb module_alignment=\u00bbcenter\u00bb custom_padding=\u00bb0px||25px||false|false\u00bb border_radii=\u00bbon|30px|30px|30px|30px\u00bb border_width_all=\u00bb10px\u00bb border_color_all=\u00bb#F58544&#8243; box_shadow_style=\u00bbpreset3&#8243; global_colors_info=\u00bb{}\u00bb]<\/p>\n<p><span>Av. Presidente Per\u00f3n 871, Cosqu\u00edn<\/span>.<\/p>\n<div class=\"html-div xdj266r x14z9mp xat24cr x1lziwak xexx8yu xyri2b x18d9i69 x1c1uobl x9f619 xjbqb8w x15mokao x1ga7v0g x16uus16 xbiv7yw x1uhb9sk x1plvlek xryxfnj x1c4vz4f x2lah0s x1q0g3np xqjyukv x1oa3qoh x6s0dn4 x1amjocr x78zum5 xl56j7k\"><span class=\"x1lliihq x1plvlek xryxfnj x1n2onr6 xyejjpt x15dsfln x193iq5w xeuugli x1fj9vlw x13faqbe x1vvkbs x1s928wv xhkezso x1gmr53x x1cpjm7i x1fgarty x1943h6x x1i0vuye xvs91rp x1s688f x5n08af x10wh9bi xpm28yp x8viiok x1o7cslx\" dir=\"auto\">Lomos y pizzas en Cosquin<\/span><\/div>\n<div class=\"html-div xdj266r x14z9mp xat24cr x1lziwak xexx8yu xyri2b x18d9i69 x1c1uobl x9f619 xjbqb8w x17zd0t2 x3pnbk8 x78zum5 x15mokao x1ga7v0g x16uus16 xbiv7yw x1uhb9sk x1plvlek xryxfnj x1c4vz4f x2lah0s x1q0g3np xqjyukv x6s0dn4 x1oa3qoh x1nhvcw1\"><\/div>\n<div aria-disabled=\"false\" role=\"button\" tabindex=\"0\"><span class=\"_ap3a _aaco _aacu _aacx _aad7 _aade\" dir=\"auto\">\ud83d\udd25 Horno a le\u00f1a estilo Italiano<br \/>\u2728 Eventos &amp; Reservas<br \/>\ud83d\udd63 Todos los d\u00edas desde las 20hs<br \/>\ud83d\udcde Delivery: 3541 453273 \/ 351 6544484<br \/>WhatsApp \ud83d\udc47<\/span><\/div>\n<p><strong>Cel.: <a href=\"https:\/\/wa.me\/543516544484\" target=\"_blank\" rel=\"noopener\">3516 544484<\/a><\/strong><\/p>\n<p>[\/et_pb_blurb][\/et_pb_column][\/et_pb_row][et_pb_row _builder_version=\u00bb4.27.4&#8243; _module_preset=\u00bbdefault\u00bb global_colors_info=\u00bb{}\u00bb][et_pb_column type=\u00bb4_4&#8243; _builder_version=\u00bb4.27.4&#8243; _module_preset=\u00bbdefault\u00bb global_colors_info=\u00bb{}\u00bb][et_pb_text _builder_version=\u00bb4.27.4&#8243; _module_preset=\u00bbdefault\u00bb header_2_font=\u00bbActor||||||||\u00bb header_2_line_height=\u00bb40px\u00bb global_colors_info=\u00bb{}\u00bb]<\/p>\n<h2>\u2705 \u201cLa Tarjeta Ingeniar+ es un beneficio exclusivo para alumnos\/as en curso.\u201d<br \/>\u2705 \u201cSu vigencia finaliza autom\u00e1ticamente al terminar la capacitaci\u00f3n.\u201d<br \/>\u2705 \u201cLos descuentos son otorgados directamente por los comercios adheridos.\u201d<br \/>\u2705 \u201cLa Fundaci\u00f3n Ingeniar no se responsabiliza por la calidad de los productos\/servicios ofrecidos por terceros.\u201d<br \/>\u2705 \u201cLos beneficios y comercios adheridos pueden variar sin previo aviso.\u201d<\/h2>\n<p>[\/et_pb_text][\/et_pb_column][\/et_pb_row][et_pb_row _builder_version=\u00bb4.27.4&#8243; _module_preset=\u00bbdefault\u00bb global_colors_info=\u00bb{}\u00bb][et_pb_column type=\u00bb4_4&#8243; _builder_version=\u00bb4.27.4&#8243; _module_preset=\u00bbdefault\u00bb global_colors_info=\u00bb{}\u00bb][et_pb_text _builder_version=\u00bb4.27.4&#8243; _module_preset=\u00bbdefault\u00bb header_2_font=\u00bbActor||||||||\u00bb header_2_line_height=\u00bb40px\u00bb custom_margin=\u00bb||-3px|||\u00bb global_colors_info=\u00bb{}\u00bb]<\/p>\n<h2>Bases y Condiciones de uso:<\/h2>\n<p>[\/et_pb_text][et_pb_text _builder_version=\u00bb4.27.4&#8243; _module_preset=\u00bbdefault\u00bb header_2_font=\u00bbActor||||||||\u00bb header_2_line_height=\u00bb40px\u00bb global_colors_info=\u00bb{}\u00bb]<\/p>\n<p><strong>Tarjeta de Beneficios \u201cIngeniar+\u201d<\/strong><\/p>\n<p><strong>1.\u2060 \u2060Objeto<\/strong><br \/>La Tarjeta de Beneficios Ingeniar+ (en adelante, \u201cla Tarjeta\u201d) es un beneficio exclusivo otorgado por Fundaci\u00f3n Ingeniar a sus alumnos\/as, que les permite acceder a descuentos y promociones en comercios adheridos, bajo las condiciones aqu\u00ed establecidas.<\/p>\n<p><strong>2.\u2060 \u2060Vigencia de la Tarjeta<\/strong><br \/>La Tarjeta tendr\u00e1 validez \u00fanicamente durante el per\u00edodo en el cual el alumno\/a se encuentre cursando una capacitaci\u00f3n, taller o curso en Fundaci\u00f3n Ingeniar. Finalizada la cursada, la Tarjeta caducar\u00e1 autom\u00e1ticamente, aun cuando en la misma figure una fecha posterior.<\/p>\n<p><strong>3.\u2060 \u2060Comercios adheridos y beneficios<\/strong><br \/>Los descuentos y promociones son ofrecidos de manera exclusiva por los comercios adheridos. Fundaci\u00f3n Ingeniar no se responsabiliza por la calidad de los productos o servicios ofrecidos, ni por modificaciones en los porcentajes de descuento, stock o condiciones particulares de cada comercio.<\/p>\n<p><strong>4.\u2060 \u2060Condiciones de uso<br \/><\/strong>La Tarjeta es personal e intransferible, debiendo ser presentada junto con documento de identidad al momento de realizar la compra.<\/p>\n<p>No es acumulable con otras promociones vigentes en el comercio.<\/p>\n<p>Los comercios adheridos podr\u00e1n solicitar comprobante de cursada en Fundaci\u00f3n Ingeniar.<\/p>\n<p>La p\u00e9rdida, robo o deterioro de la Tarjeta deber\u00e1 ser informada a Fundaci\u00f3n Ingeniar, quien podr\u00e1 emitir un duplicado seg\u00fan corresponda.<\/p>\n<p><strong>5.\u2060 \u2060Exclusiones y limitaciones<br \/><\/strong>Fundaci\u00f3n Ingeniar no garantiza la permanencia indefinida de los comercios adheridos ni de los beneficios ofrecidos.<\/p>\n<p>La Tarjeta no constituye medio de pago ni tarjeta de cr\u00e9dito.<\/p>\n<p>Fundaci\u00f3n Ingeniar podr\u00e1 modificar, suspender o finalizar el programa de beneficios en cualquier momento, notificando previamente a los alumnos\/as a trav\u00e9s de sus canales oficiales.<\/p>\n<p><strong>6.\u2060 \u2060Aceptaci\u00f3n<\/strong><br \/>El uso de la Tarjeta implica el conocimiento y aceptaci\u00f3n de las presentes Bases y Condiciones.<\/p>\n<p>[\/et_pb_text][\/et_pb_column][\/et_pb_row][\/et_pb_section][et_pb_section fb_built=\u00bb1&#8243; admin_label=\u00bbFooter Links\u00bb _builder_version=\u00bb4.21.0&#8243; _module_preset=\u00bbdefault\u00bb locked=\u00bboff\u00bb collapsed=\u00bbon\u00bb global_colors_info=\u00bb{}\u00bb][et_pb_row column_structure=\u00bb1_3,1_3,1_3&#8243; _builder_version=\u00bb4.21.0&#8243; _module_preset=\u00bbdefault\u00bb global_colors_info=\u00bb{}\u00bb][et_pb_column type=\u00bb1_3&#8243; _builder_version=\u00bb4.21.0&#8243; _module_preset=\u00bbdefault\u00bb global_colors_info=\u00bb{}\u00bb][et_pb_image src=\u00bbhttps:\/\/fundacioningeniar.com.ar\/wp-content\/uploads\/2025\/08\/logo-1.png\u00bb _builder_version=\u00bb4.27.4&#8243; _module_preset=\u00bbdefault\u00bb width=\u00bb64%\u00bb max_width=\u00bb64%\u00bb global_colors_info=\u00bb{}\u00bb][\/et_pb_image][et_pb_text _builder_version=\u00bb4.27.4&#8243; _module_preset=\u00bb83e2eb72-c02d-4d0d-91b3-1894bdcf09ca\u00bb global_colors_info=\u00bb{}\u00bb]<\/p>\n<p><span>Transform\u00e1 tu futuro con nuestras capacitaciones y talleres de oficios \ud83d\udca1<\/span><br \/><span>Aprend\u00e9 habilidades pr\u00e1cticas<\/span>.<\/p>\n<p>[\/et_pb_text][\/et_pb_column][et_pb_column type=\u00bb1_3&#8243; _builder_version=\u00bb4.21.0&#8243; _module_preset=\u00bbdefault\u00bb global_colors_info=\u00bb{}\u00bb][et_pb_text _builder_version=\u00bb4.27.4&#8243; _module_preset=\u00bb48fd8c2e-69f9-493b-9c57-330aaad0bdaf\u00bb custom_margin=\u00bb||20px||false|false\u00bb global_colors_info=\u00bb{}\u00bb]<\/p>\n<h4>WEBS AMIGAS<\/h4>\n<p>[\/et_pb_text][et_pb_text _builder_version=\u00bb4.27.4&#8243; _module_preset=\u00bb83e2eb72-c02d-4d0d-91b3-1894bdcf09ca\u00bb link_text_color=\u00bbgcid-4e1a4293-6847-4a8b-8670-1037625c3a21&#8243; custom_margin=\u00bb||8px||false|false\u00bb link_option_url=\u00bbhttps:\/\/conextube.com\/\u00bb link_option_url_new_window=\u00bbon\u00bb global_colors_info=\u00bb{%22gcid-4e1a4293-6847-4a8b-8670-1037625c3a21%22:%91%22link_text_color%22%93}\u00bb]<\/p>\n<p>CONEXTUBE.COM<\/p>\n<p>[\/et_pb_text][et_pb_text _builder_version=\u00bb4.27.4&#8243; _module_preset=\u00bb83e2eb72-c02d-4d0d-91b3-1894bdcf09ca\u00bb link_text_color=\u00bbgcid-4e1a4293-6847-4a8b-8670-1037625c3a21&#8243; custom_margin=\u00bb||8px||false|false\u00bb link_option_url=\u00bbhttps:\/\/www.electroinstalador.com\/\u00bb link_option_url_new_window=\u00bbon\u00bb global_colors_info=\u00bb{%22gcid-4e1a4293-6847-4a8b-8670-1037625c3a21%22:%91%22link_text_color%22%93}\u00bb]<\/p>\n<p>ELECTROINSTALADOR.COM<\/p>\n<p>[\/et_pb_text][et_pb_text _builder_version=\u00bb4.27.4&#8243; _module_preset=\u00bb83e2eb72-c02d-4d0d-91b3-1894bdcf09ca\u00bb link_text_color=\u00bbgcid-4e1a4293-6847-4a8b-8670-1037625c3a21&#8243; custom_margin=\u00bb||8px||false|false\u00bb link_option_url=\u00bbhttps:\/\/www.electroinstalador.com\/costos-mano-obra-a1640&#8243; link_option_url_new_window=\u00bbon\u00bb global_colors_info=\u00bb{%22gcid-4e1a4293-6847-4a8b-8670-1037625c3a21%22:%91%22link_text_color%22%93}\u00bb]<\/p>\n<p>COSTOS MANO DE OBRA<\/p>\n<p>[\/et_pb_text][\/et_pb_column][et_pb_column type=\u00bb1_3&#8243; _builder_version=\u00bb4.21.0&#8243; _module_preset=\u00bbdefault\u00bb global_colors_info=\u00bb{}\u00bb][et_pb_text _builder_version=\u00bb4.21.0&#8243; _module_preset=\u00bb48fd8c2e-69f9-493b-9c57-330aaad0bdaf\u00bb custom_margin=\u00bb||-1px|||\u00bb locked=\u00bboff\u00bb global_colors_info=\u00bb{}\u00bb]<\/p>\n<h4>Newsletter<\/h4>\n<p>[\/et_pb_text][et_pb_signup mailchimp_list=\u00bbundefined|undefined|\u00bb first_name_field=\u00bboff\u00bb last_name_field=\u00bboff\u00bb _builder_version=\u00bb4.21.0&#8243; _module_preset=\u00bb2c1748f8-cdbc-4424-af61-76723fa3f803&#8243; button_text_color=\u00bb#FFFFFF\u00bb button_bg_color=\u00bb#0e0e0e\u00bb border_color_all_fields=\u00bb#0e0e0e\u00bb global_colors_info=\u00bb{}\u00bb][\/et_pb_signup][et_pb_text _builder_version=\u00bb4.27.4&#8243; _module_preset=\u00bb48fd8c2e-69f9-493b-9c57-330aaad0bdaf\u00bb custom_margin=\u00bb||-1px|||\u00bb locked=\u00bboff\u00bb global_colors_info=\u00bb{}\u00bb]<\/p>\n<h4>Seguinos en nuestras redes!<\/h4>\n<p>[\/et_pb_text][et_pb_social_media_follow use_icon_font_size=\u00bbon\u00bb icon_font_size=\u00bb25px\u00bb _builder_version=\u00bb4.27.4&#8243; _module_preset=\u00bbdefault\u00bb text_orientation=\u00bbcenter\u00bb global_colors_info=\u00bb{}\u00bb][et_pb_social_media_follow_network social_network=\u00bbinstagram\u00bb url=\u00bbhttps:\/\/www.instagram.com\/fundacioningeniar\/\u00bb _builder_version=\u00bb4.27.4&#8243; _module_preset=\u00bbdefault\u00bb background_color=\u00bb#ea2c59&#8243; global_colors_info=\u00bb{}\u00bb follow_button=\u00bboff\u00bb url_new_window=\u00bbon\u00bb]instagram[\/et_pb_social_media_follow_network][et_pb_social_media_follow_network social_network=\u00bbtiktok\u00bb url=\u00bbhttps:\/\/www.tiktok.com\/@fundacion.ingenia\u00bb _builder_version=\u00bb4.27.4&#8243; _module_preset=\u00bbdefault\u00bb background_color=\u00bb#fe2c55&#8243; global_colors_info=\u00bb{}\u00bb follow_button=\u00bboff\u00bb url_new_window=\u00bbon\u00bb]tiktok[\/et_pb_social_media_follow_network][et_pb_social_media_follow_network social_network=\u00bbfacebook\u00bb url=\u00bbhttps:\/\/www.facebook.com\/fund.ingeniar\u00bb _builder_version=\u00bb4.27.4&#8243; _module_preset=\u00bbdefault\u00bb background_color=\u00bb#3b5998&#8243; global_colors_info=\u00bb{}\u00bb follow_button=\u00bboff\u00bb url_new_window=\u00bbon\u00bb]facebook[\/et_pb_social_media_follow_network][\/et_pb_social_media_follow][\/et_pb_column][\/et_pb_row][et_pb_row _builder_version=\u00bb4.21.0&#8243; _module_preset=\u00bbdefault\u00bb width=\u00bb100%\u00bb max_width=\u00bbnone\u00bb custom_margin=\u00bb30px||||false|false\u00bb custom_padding=\u00bb|10%||10%|false|true\u00bb border_color_all=\u00bbrgba(0,0,0,0.12)\u00bb border_width_top=\u00bb1px\u00bb global_colors_info=\u00bb{}\u00bb][et_pb_column type=\u00bb4_4&#8243; _builder_version=\u00bb4.21.0&#8243; _module_preset=\u00bbdefault\u00bb global_colors_info=\u00bb{}\u00bb][et_pb_text _builder_version=\u00bb4.27.4&#8243; _dynamic_attributes=\u00bbcontent\u00bb _module_preset=\u00bb83e2eb72-c02d-4d0d-91b3-1894bdcf09ca\u00bb text_orientation=\u00bbcenter\u00bb global_colors_info=\u00bb{}\u00bb]@ET-DC@eyJkeW5hbWljIjp0cnVlLCJjb250ZW50IjoiY3VycmVudF9kYXRlIiwic2V0dGluZ3MiOnsiYmVmb3JlIjoiQ29weXJpZ2h0ICZjb3B5OyAiLCJhZnRlciI6IiBGdW5kYWNpXHUwMGYzbiBJbmdlbmlhci4gVG9kb3MgbG9zIERlcmVjaG9zIFJlc2VydmFkb3MuIiwiZGF0ZV9mb3JtYXQiOiJjdXN0b20iLCJjdXN0b21fZGF0ZV9mb3JtYXQiOiJZIn19@[\/et_pb_text][\/et_pb_column][\/et_pb_row][\/et_pb_section]<\/p>\n","protected":false},"excerpt":{"rendered":"<p>FUNDACI\u00d3N INGENIARClub Ingeniar+ BeneficiosUn beneficio exclusivo pensado para quienes est\u00e1n construyendo su futuro profesional.La Tarjeta Ingeniar+ es un privilegio para alumnos y alumnas que se encuentran actualmente cursando, brind\u00e1ndoles acceso a beneficios especiales, descuentos y oportunidades dise\u00f1adas para acompa\u00f1ar su formaci\u00f3n.Nuestra tarjeta:Meincke 26, La Falda, C\u00f3rdoba. Soul La Falda \ud835\udde5\ud835\uddf2\ud835\ude00\ud835\ude01\ud835\uddfc \ud835\udddf\ud835\uddfc\ud835\ude02\ud835\uddfb\ud835\uddf4\ud835\uddf2Lomos ~Hamburguesas ~Rabas ~Pizzas~ \ud835\udda2\ud835\uddc8\ud835\uddbc\ud835\uddcd\ud835\uddbe\ud835\uddc5\ud835\uddbe\ud835\uddcb\ud835\uddc2\ud835\uddbaM\u00fasica [&hellip;]<\/p>\n","protected":false},"author":1,"featured_media":0,"parent":0,"menu_order":0,"comment_status":"closed","ping_status":"closed","template":"page-template-blank.php","meta":{"_et_pb_use_builder":"on","_et_pb_old_content":"","_et_gb_content_width":"","_joinchat":[],"footnotes":""},"class_list":["post-199","page","type-page","status-publish","hentry"],"_links":{"self":[{"href":"https:\/\/fundacioningeniar.com.ar\/index.php?rest_route=\/wp\/v2\/pages\/199","targetHints":{"allow":["GET"]}}],"collection":[{"href":"https:\/\/fundacioningeniar.com.ar\/index.php?rest_route=\/wp\/v2\/pages"}],"about":[{"href":"https:\/\/fundacioningeniar.com.ar\/index.php?rest_route=\/wp\/v2\/types\/page"}],"author":[{"embeddable":true,"href":"https:\/\/fundacioningeniar.com.ar\/index.php?rest_route=\/wp\/v2\/users\/1"}],"replies":[{"embeddable":true,"href":"https:\/\/fundacioningeniar.com.ar\/index.php?rest_route=%2Fwp%2Fv2%2Fcomments&post=199"}],"version-history":[{"count":15,"href":"https:\/\/fundacioningeniar.com.ar\/index.php?rest_route=\/wp\/v2\/pages\/199\/revisions"}],"predecessor-version":[{"id":717,"href":"https:\/\/fundacioningeniar.com.ar\/index.php?rest_route=\/wp\/v2\/pages\/199\/revisions\/717"}],"wp:attachment":[{"href":"https:\/\/fundacioningeniar.com.ar\/index.php?rest_route=%2Fwp%2Fv2%2Fmedia&parent=199"}],"curies":[{"name":"wp","href":"https:\/\/api.w.org\/{rel}","templated":true}]}}